{"id":1602,"date":"2014-12-30T10:15:50","date_gmt":"2014-12-30T09:15:50","guid":{"rendered":"http:\/\/blog.posbistro.com\/?page_id=1602"},"modified":"2023-10-04T08:45:59","modified_gmt":"2023-10-04T08:45:59","slug":"jaka-wodke-najbardziej-lubia-polacy-2","status":"publish","type":"page","link":"https:\/\/posbistro.com\/blog\/pl\/jaka-wodke-najbardziej-lubia-polacy-2\/","title":{"rendered":"Jak\u0105 w\u00f3dk\u0119 najbardziej lubi\u0105 Polacy?"},"content":{"rendered":"\n<p>Najnowsze raporty pokazuj\u0105, \u017ce Polacy z roku na rok pij\u0105 mniej. Mimo tego, spo\u017cywaj\u0105 jednak coraz wi\u0119cej alkoholi wysokoprocentowych, przede wszystkim w\u00f3dki. Po jak\u0105 mark\u0119 tego trunku najcz\u0119\u015bciej si\u0119gaj\u0105?&nbsp;Odpowiadamy!<\/p>\n\n\n\n<figure class=\"wp-block-gallery has-nested-images columns-default is-cropped wp-block-gallery-1 is-layout-flex wp-block-gallery-is-layout-flex\">\n<figure class=\"wp-block-image size-large\"><img loading=\"lazy\" decoding=\"async\" width=\"1024\" height=\"683\" data-id=\"11949\" src=\"https:\/\/posbistro-safe-blog.s3.eu-west-1.amazonaws.com\/up\/2023\/05\/29100715\/carlos-irineu-da-costa-jmIHZmQ2SpU-unsplash-1024x683.jpg\" alt=\"\" class=\"wp-image-11949\" srcset=\"https:\/\/posbistro-safe-blog.s3.eu-west-1.amazonaws.com\/up\/2023\/05\/29100715\/carlos-irineu-da-costa-jmIHZmQ2SpU-unsplash-1024x683.jpg 1024w, https:\/\/posbistro-safe-blog.s3.eu-west-1.amazonaws.com\/up\/2023\/05\/29100715\/carlos-irineu-da-costa-jmIHZmQ2SpU-unsplash-300x200.jpg 300w, https:\/\/posbistro-safe-blog.s3.eu-west-1.amazonaws.com\/up\/2023\/05\/29100715\/carlos-irineu-da-costa-jmIHZmQ2SpU-unsplash-768x512.jpg 768w, https:\/\/posbistro-safe-blog.s3.eu-west-1.amazonaws.com\/up\/2023\/05\/29100715\/carlos-irineu-da-costa-jmIHZmQ2SpU-unsplash-1536x1024.jpg 1536w, https:\/\/posbistro-safe-blog.s3.eu-west-1.amazonaws.com\/up\/2023\/05\/29100715\/carlos-irineu-da-costa-jmIHZmQ2SpU-unsplash-2048x1365.jpg 2048w\" sizes=\"auto, (max-width: 1024px) 100vw, 1024px\" \/><\/figure>\n\n\n\n<figure class=\"wp-block-image size-large\"><img loading=\"lazy\" decoding=\"async\" width=\"683\" height=\"1024\" data-id=\"11952\" src=\"https:\/\/posbistro-safe-blog.s3.eu-west-1.amazonaws.com\/up\/2023\/05\/29100717\/gabriella-clare-marino-2cUFSKAVtDc-unsplash-683x1024.jpg\" alt=\"\" class=\"wp-image-11952\" srcset=\"https:\/\/posbistro-safe-blog.s3.eu-west-1.amazonaws.com\/up\/2023\/05\/29100717\/gabriella-clare-marino-2cUFSKAVtDc-unsplash-683x1024.jpg 683w, https:\/\/posbistro-safe-blog.s3.eu-west-1.amazonaws.com\/up\/2023\/05\/29100717\/gabriella-clare-marino-2cUFSKAVtDc-unsplash-200x300.jpg 200w, https:\/\/posbistro-safe-blog.s3.eu-west-1.amazonaws.com\/up\/2023\/05\/29100717\/gabriella-clare-marino-2cUFSKAVtDc-unsplash-768x1152.jpg 768w, https:\/\/posbistro-safe-blog.s3.eu-west-1.amazonaws.com\/up\/2023\/05\/29100717\/gabriella-clare-marino-2cUFSKAVtDc-unsplash-1024x1536.jpg 1024w, https:\/\/posbistro-safe-blog.s3.eu-west-1.amazonaws.com\/up\/2023\/05\/29100717\/gabriella-clare-marino-2cUFSKAVtDc-unsplash-1365x2048.jpg 1365w, https:\/\/posbistro-safe-blog.s3.eu-west-1.amazonaws.com\/up\/2023\/05\/29100717\/gabriella-clare-marino-2cUFSKAVtDc-unsplash-scaled.jpg 1707w\" sizes=\"auto, (max-width: 683px) 100vw, 683px\" \/><\/figure>\n\n\n\n<figure class=\"wp-block-image size-large\"><img loading=\"lazy\" decoding=\"async\" width=\"576\" height=\"1024\" data-id=\"11951\" src=\"https:\/\/posbistro-safe-blog.s3.eu-west-1.amazonaws.com\/up\/2023\/05\/29100717\/alec-favale-KIqw3GIhdHA-unsplash-576x1024.jpg\" alt=\"\" class=\"wp-image-11951\" srcset=\"https:\/\/posbistro-safe-blog.s3.eu-west-1.amazonaws.com\/up\/2023\/05\/29100717\/alec-favale-KIqw3GIhdHA-unsplash-576x1024.jpg 576w, https:\/\/posbistro-safe-blog.s3.eu-west-1.amazonaws.com\/up\/2023\/05\/29100717\/alec-favale-KIqw3GIhdHA-unsplash-169x300.jpg 169w, https:\/\/posbistro-safe-blog.s3.eu-west-1.amazonaws.com\/up\/2023\/05\/29100717\/alec-favale-KIqw3GIhdHA-unsplash-768x1365.jpg 768w, https:\/\/posbistro-safe-blog.s3.eu-west-1.amazonaws.com\/up\/2023\/05\/29100717\/alec-favale-KIqw3GIhdHA-unsplash-864x1536.jpg 864w, https:\/\/posbistro-safe-blog.s3.eu-west-1.amazonaws.com\/up\/2023\/05\/29100717\/alec-favale-KIqw3GIhdHA-unsplash-1152x2048.jpg 1152w, https:\/\/posbistro-safe-blog.s3.eu-west-1.amazonaws.com\/up\/2023\/05\/29100717\/alec-favale-KIqw3GIhdHA-unsplash-scaled.jpg 1440w\" sizes=\"auto, (max-width: 576px) 100vw, 576px\" \/><\/figure>\n<\/figure>\n\n\n\n<h2 class=\"wp-block-heading has-medium-font-size\"><strong>Kt\u00f3r\u0105 w\u00f3dk\u0119 najbardziej lubimy?<\/strong><\/h2>\n\n\n\n<p>Zgodnie z <a href=\"https:\/\/www.wodkanawesela.pl\/ranking-najczesciej-wybieranych-wodek-w-2022r\/\" target=\"_blank\" rel=\"noreferrer noopener\">Rankingiem najlepiej sprzedaj\u0105cych si\u0119 w\u00f3dek na wesela<\/a> (z 2022 r.), najcz\u0119\u015bciej sprzedaj\u0105c\u0105 si\u0119 w\u00f3dk\u0105 by\u0142 Stumbras. Kultowa w\u00f3dka z k\u0142osem zbo\u017ca w \u015brodku, wywodz\u0105ca si\u0119 z Litwy. Polacy ceni\u0105 j\u0105 bowiem za delikatny smak i wygodn\u0105 butelk\u0119 z dozownikiem.<\/p>\n\n\n\n<p>Kolejne w rankingu pojawi\u0142y si\u0119 dwie nowe na rynku i obecnie bardzo popularne w\u00f3dki &#8211; Bocian i Ogi\u0144ski. Bocian to alkohol w stylowej butelce z d\u0142ug\u0105 szyjk\u0105, o wyj\u0105tkowo \u0142agodnym smaku i dobrej cenie. A co wi\u0119cej, jest produkowany w Polsce!<\/p>\n\n\n\n<p>Ogi\u0144ski to natomiast w\u00f3dka bezglutenowa, wi\u0119c zdecydowanie jest to trunek na miar\u0119 naszych czas\u00f3w! Powstaje one z wysokiej jako\u015bci spirytusu, \u0142\u0105czonego z wod\u0105 w procesie wielostopniowej filtracji. Co wi\u0119cej, marka wci\u0105\u017c powi\u0119ksza swoj\u0105 ofert\u0119 o nowe produkty.<\/p>\n\n\n\n<h2 class=\"wp-block-heading has-medium-font-size\"><strong>Poza podium &#8211; czyli po jaki alkohol si\u0119gaj\u0105 jeszcze Polacy?<\/strong><\/h2>\n\n\n\n<p>Kolejne nazwy w rankingu to zdecydowanie dobrze znane marki, kt\u00f3re wracaj\u0105 do \u0142ask. Jedn\u0105 z nich jest s\u0142ynny Pan Tadeusz, kt\u00f3ry ca\u0142kowicie zmieni\u0142 sw\u00f3j wizerunek. Nowoczesna ods\u0142ona i kampanie promocyjne sprawi\u0142y, \u017ce zn\u00f3w kr\u00f3lowa\u0142 na polskich sto\u0142ach.&nbsp;<\/p>\n\n\n\n<p>Bardzo cz\u0119sto wybierano r\u00f3wnie\u017c Finlandi\u0119! Nale\u017cy ona do troch\u0119 wy\u017cszego segmentu cenowego, natomiast wci\u0105\u017c jest jednym z ulubie\u0144c\u00f3w. Co tu du\u017co m\u00f3wi\u0107 &#8211; Finlandia to sprawdzony i niebanalny smak, dlatego wci\u0105\u017c ma wielu fan\u00f3w.&nbsp;<\/p>\n\n\n\n<!--HubSpot Call-to-Action Code --><span class=\"hs-cta-wrapper\" id=\"hs-cta-wrapper-2ebaeb9c-ac5f-4fe7-947e-4ba601b83bff\"><span class=\"hs-cta-node hs-cta-2ebaeb9c-ac5f-4fe7-947e-4ba601b83bff\" id=\"hs-cta-2ebaeb9c-ac5f-4fe7-947e-4ba601b83bff\"><!--[if lte IE 8]><div id=\"hs-cta-ie-element\"><\/div><![endif]--><a href=\"https:\/\/cta-redirect.hubspot.com\/cta\/redirect\/2501166\/2ebaeb9c-ac5f-4fe7-947e-4ba601b83bff\" target=\"_blank\" rel=\"noopener\"><img decoding=\"async\" class=\"hs-cta-img\" id=\"hs-cta-img-2ebaeb9c-ac5f-4fe7-947e-4ba601b83bff\" style=\"border-width:0px;\" src=\"https:\/\/no-cache.hubspot.com\/cta\/default\/2501166\/2ebaeb9c-ac5f-4fe7-947e-4ba601b83bff.png\"  alt=\"New call-to-action\"\/><\/a><\/span><script charset=\"utf-8\" src=\"https:\/\/js.hscta.net\/cta\/current.js\"><\/script><script type=\"text\/javascript\"> hbspt.cta.load(2501166, '2ebaeb9c-ac5f-4fe7-947e-4ba601b83bff', {\"useNewLoader\":\"true\",\"region\":\"na1\"}); <\/script><\/span><!-- end HubSpot Call-to-Action Code -->\n\n\n\n<p>Kolejna najch\u0119tniej wybierana w\u00f3dka to Amundsen, kt\u00f3ry chyba dopiero teraz zaczyna zdobywa\u0107 swoj\u0105 popularno\u015b\u0107. Jego sprzeda\u017c znacznie wzros\u0142a w ci\u0105gu 2022 roku, a coraz wi\u0119cej ludzi chwali sobie jego smak. Butelka przypomina kszta\u0142tem bry\u0142\u0119 lodowca, by uczci\u0107 ekspedycj\u0119 na Biegun Po\u0142udniowy, kt\u00f3ra pierwsza zdoby\u0142a ten punkt.<\/p>\n\n\n\n<p>Pan Tadeusz ju\u017c by\u0142, pora na Adama Mickiewicza! Ta w\u00f3dka r\u00f3wnie\u017c nie traci zainteresowania. Ten trunek powstaje bowiem w procesie wielostopniowej destylacji, przez co ma bardzo \u0142agodny i delikatny smak, a jednocze\u015bnie bardzo stylowy design.<\/p>\n\n\n\n<p>Ostatnia na naszej li\u015bcie jest Soplica! Chyba nikomu nie trzeba jej przedstawia\u0107. Powstaje ona bowiem z po\u0142\u0105czenia polskich zb\u00f3\u017c i ju\u017c od wielu lat go\u015bci na naszych sto\u0142ach.<\/p>\n\n\n\n<figure class=\"wp-block-gallery has-nested-images columns-default is-cropped wp-block-gallery-2 is-layout-flex wp-block-gallery-is-layout-flex\">\n<figure class=\"wp-block-image size-large\"><img loading=\"lazy\" decoding=\"async\" width=\"683\" height=\"1024\" data-id=\"11958\" src=\"https:\/\/posbistro-safe-blog.s3.eu-west-1.amazonaws.com\/up\/2023\/05\/29101521\/isaac-quesada-GFAxb0YD0LM-unsplash-683x1024.jpg\" alt=\"\" class=\"wp-image-11958\" srcset=\"https:\/\/posbistro-safe-blog.s3.eu-west-1.amazonaws.com\/up\/2023\/05\/29101521\/isaac-quesada-GFAxb0YD0LM-unsplash-683x1024.jpg 683w, https:\/\/posbistro-safe-blog.s3.eu-west-1.amazonaws.com\/up\/2023\/05\/29101521\/isaac-quesada-GFAxb0YD0LM-unsplash-200x300.jpg 200w, https:\/\/posbistro-safe-blog.s3.eu-west-1.amazonaws.com\/up\/2023\/05\/29101521\/isaac-quesada-GFAxb0YD0LM-unsplash-768x1152.jpg 768w, https:\/\/posbistro-safe-blog.s3.eu-west-1.amazonaws.com\/up\/2023\/05\/29101521\/isaac-quesada-GFAxb0YD0LM-unsplash-1024x1536.jpg 1024w, https:\/\/posbistro-safe-blog.s3.eu-west-1.amazonaws.com\/up\/2023\/05\/29101521\/isaac-quesada-GFAxb0YD0LM-unsplash-1365x2048.jpg 1365w, https:\/\/posbistro-safe-blog.s3.eu-west-1.amazonaws.com\/up\/2023\/05\/29101521\/isaac-quesada-GFAxb0YD0LM-unsplash-scaled.jpg 1707w\" sizes=\"auto, (max-width: 683px) 100vw, 683px\" \/><\/figure>\n\n\n\n<figure class=\"wp-block-image size-large\"><img loading=\"lazy\" decoding=\"async\" width=\"683\" height=\"1024\" data-id=\"11960\" src=\"https:\/\/posbistro-safe-blog.s3.eu-west-1.amazonaws.com\/up\/2023\/05\/29101522\/richard-brutyo-jfy3H7O8198-unsplash-1-683x1024.jpg\" alt=\"\" class=\"wp-image-11960\" srcset=\"https:\/\/posbistro-safe-blog.s3.eu-west-1.amazonaws.com\/up\/2023\/05\/29101522\/richard-brutyo-jfy3H7O8198-unsplash-1-683x1024.jpg 683w, https:\/\/posbistro-safe-blog.s3.eu-west-1.amazonaws.com\/up\/2023\/05\/29101522\/richard-brutyo-jfy3H7O8198-unsplash-1-200x300.jpg 200w, https:\/\/posbistro-safe-blog.s3.eu-west-1.amazonaws.com\/up\/2023\/05\/29101522\/richard-brutyo-jfy3H7O8198-unsplash-1-768x1152.jpg 768w, https:\/\/posbistro-safe-blog.s3.eu-west-1.amazonaws.com\/up\/2023\/05\/29101522\/richard-brutyo-jfy3H7O8198-unsplash-1-1024x1536.jpg 1024w, https:\/\/posbistro-safe-blog.s3.eu-west-1.amazonaws.com\/up\/2023\/05\/29101522\/richard-brutyo-jfy3H7O8198-unsplash-1-1365x2048.jpg 1365w, https:\/\/posbistro-safe-blog.s3.eu-west-1.amazonaws.com\/up\/2023\/05\/29101522\/richard-brutyo-jfy3H7O8198-unsplash-1-scaled.jpg 1707w\" sizes=\"auto, (max-width: 683px) 100vw, 683px\" \/><\/figure>\n\n\n\n<figure class=\"wp-block-image size-large\"><img loading=\"lazy\" decoding=\"async\" width=\"672\" height=\"1024\" data-id=\"11959\" src=\"https:\/\/posbistro-safe-blog.s3.eu-west-1.amazonaws.com\/up\/2023\/05\/29101521\/steve-pancrate-uiJcHK6BPGE-unsplash-672x1024.jpg\" alt=\"\" class=\"wp-image-11959\" srcset=\"https:\/\/posbistro-safe-blog.s3.eu-west-1.amazonaws.com\/up\/2023\/05\/29101521\/steve-pancrate-uiJcHK6BPGE-unsplash-672x1024.jpg 672w, https:\/\/posbistro-safe-blog.s3.eu-west-1.amazonaws.com\/up\/2023\/05\/29101521\/steve-pancrate-uiJcHK6BPGE-unsplash-197x300.jpg 197w, https:\/\/posbistro-safe-blog.s3.eu-west-1.amazonaws.com\/up\/2023\/05\/29101521\/steve-pancrate-uiJcHK6BPGE-unsplash-768x1170.jpg 768w, https:\/\/posbistro-safe-blog.s3.eu-west-1.amazonaws.com\/up\/2023\/05\/29101521\/steve-pancrate-uiJcHK6BPGE-unsplash-1009x1536.jpg 1009w, https:\/\/posbistro-safe-blog.s3.eu-west-1.amazonaws.com\/up\/2023\/05\/29101521\/steve-pancrate-uiJcHK6BPGE-unsplash-1345x2048.jpg 1345w, https:\/\/posbistro-safe-blog.s3.eu-west-1.amazonaws.com\/up\/2023\/05\/29101521\/steve-pancrate-uiJcHK6BPGE-unsplash-scaled.jpg 1681w\" sizes=\"auto, (max-width: 672px) 100vw, 672px\" \/><\/figure>\n<\/figure>\n\n\n\n<h2 class=\"wp-block-heading has-medium-font-size\"><strong>W\u00f3dka \u2013 najlepszy polski produkt eksportowy<\/strong><\/h2>\n\n\n\n<p>Andrzej Szumowski, prezes Stowarzyszenia Polska W\u00f3dka, w wywiadzie dla Newsweeka, przyznaje, \u017ce Polska w\u00f3dka to marka znana na ca\u0142ym \u015bwiecie. Mo\u017cna j\u0105 kupi\u0107 zar\u00f3wno zar\u00f3wno w Hong-Kongu, Ushuaia, jak i w Argentynie.<\/p>\n\n\n\n<p>Polska w\u00f3dka jest tak samo rozpoznawalna, jak szkocka whisky. Polsk\u0105 Wyborow\u0105 znaj\u0105 i kupuj\u0105 mieszka\u0144cy Chin, Meksyku, dalekiej Kolumbii i USA.<\/p>\n\n\n\n<div align=\"center\"><!--HubSpot Call-to-Action Code --><span class=\"hs-cta-wrapper\" id=\"hs-cta-wrapper-fd3f9702-d364-471c-a54d-04db61e1ab33\"><span class=\"hs-cta-node hs-cta-fd3f9702-d364-471c-a54d-04db61e1ab33\" id=\"hs-cta-fd3f9702-d364-471c-a54d-04db61e1ab33\"><!--[if lte IE 8]><div id=\"hs-cta-ie-element\"><\/div><![endif]--><a href=\"https:\/\/cta-redirect.hubspot.com\/cta\/redirect\/2501166\/fd3f9702-d364-471c-a54d-04db61e1ab33\" target=\"_blank\" rel=\"noopener\"><img decoding=\"async\" class=\"hs-cta-img\" id=\"hs-cta-img-fd3f9702-d364-471c-a54d-04db61e1ab33\" style=\"border-width:0px;\" src=\"https:\/\/no-cache.hubspot.com\/cta\/default\/2501166\/fd3f9702-d364-471c-a54d-04db61e1ab33.png\" alt=\"Pobierz wz\u00f3r umowy\"><\/a><\/span><script charset=\"utf-8\" src=\"https:\/\/js.hscta.net\/cta\/current.js\"><\/script><script type=\"text\/javascript\"> hbspt.cta.load(2501166, 'fd3f9702-d364-471c-a54d-04db61e1ab33', {\"useNewLoader\":\"true\",\"region\":\"na1\"}); <\/script><\/span><!-- end HubSpot Call-to-Action Code --><\/div>\n\n\n\n<h2 class=\"wp-block-heading has-medium-font-size\"><strong>Warto wiedzie\u0107&#8230;<\/strong><\/h2>\n\n\n\n<p>Wed\u0142ug Szumowskiego polska w\u00f3dka ma bogat\u0105 i ciekaw\u0105 histori\u0119. Trafi\u0142a do s\u0142ownika w 1405 roku, a pierwsza fabryka w\u00f3dki zosta\u0142a za\u0142o\u017cona w 1774 roku we Lwowie.<\/p>\n\n\n\n<p>W 1410 roku doda\u0142a &#8222;si\u0142&#8221; naszym rycerzom przed bitw\u0105 pod Grunwaldem z Krzy\u017cakami.<\/p>\n\n\n\n<p>W 1966 roku za\u015b podbi\u0142a serca muzyk\u00f3w z The Rolling Stones! Tu\u017c po koncercie, w warszawskim klubie \u201eKamienio\u0142omy\u201d, muzycy zam\u00f3wili tequil\u0119. W Polsce nie by\u0142o tego trunku, wi\u0119c barman poda\u0142 im zmro\u017con\u0105 w\u00f3dk\u0119. Trunek tak posmakowa\u0142 Stonesom, \u017ce ca\u0142e honorarium z koncertu przeznaczyli na zakup kontenera Wyborowej.<\/p>\n\n\n\n<div style=\"height:20px\" aria-hidden=\"true\" class=\"wp-block-spacer\"><\/div>\n\n\n\n<div align=\"center\"><!--HubSpot Call-to-Action Code --><span class=\"hs-cta-wrapper\" id=\"hs-cta-wrapper-bb710fea-2e52-4ca8-a33a-896ccaaef4af\"><span class=\"hs-cta-node hs-cta-bb710fea-2e52-4ca8-a33a-896ccaaef4af\" id=\"hs-cta-bb710fea-2e52-4ca8-a33a-896ccaaef4af\"><!--[if lte IE 8]><div id=\"hs-cta-ie-element\"><\/div><![endif]--><a href=\"https:\/\/cta-redirect.hubspot.com\/cta\/redirect\/2501166\/bb710fea-2e52-4ca8-a33a-896ccaaef4af\" target=\"_blank\" rel=\"noopener\"><img loading=\"lazy\" decoding=\"async\" class=\"hs-cta-img\" id=\"hs-cta-img-bb710fea-2e52-4ca8-a33a-896ccaaef4af\" style=\"border-width:0px;\" src=\"https:\/\/no-cache.hubspot.com\/cta\/default\/2501166\/bb710fea-2e52-4ca8-a33a-896ccaaef4af.png\" alt=\"New call-to-action\" width=\"768\" height=\"300\"><\/a><\/span><script charset=\"utf-8\" src=\"https:\/\/js.hscta.net\/cta\/current.js\"><\/script><script type=\"text\/javascript\"> hbspt.cta.load(2501166, 'bb710fea-2e52-4ca8-a33a-896ccaaef4af', {\"useNewLoader\":\"true\",\"region\":\"na1\"}); <\/script><\/span><!-- end HubSpot Call-to-Action Code --><\/div>\n\n\n\n<p>Autor: Agnieszka \u015aliwi\u0144ska\/<a title=\"POSbistro\" href=\"https:\/\/posbistro.com\/?utm_source=Blog&amp;utm_medium=Link&amp;utm_campaign=Blog\" target=\"_blank\" rel=\"noopener\">www.posbistro.com<\/a><br>\u0179r\u00f3d\u0142o: http:\/\/biznes.newsweek.pl\/;&nbsp;http:\/\/facebook.com<\/p>\n","protected":false},"excerpt":{"rendered":"<p>Najnowsze raporty pokazuj\u0105, \u017ce Polacy z roku na rok pij\u0105 mniej. Mimo tego, spo\u017cywaj\u0105 jednak coraz wi\u0119cej alkoholi wysokoprocentowych, przede<\/p>\n","protected":false},"author":1,"featured_media":11453,"parent":0,"menu_order":0,"comment_status":"open","ping_status":"open","template":"","meta":{"content-type":"","footnotes":""},"class_list":["post-1602","page","type-page","status-publish","has-post-thumbnail","hentry"],"_links":{"self":[{"href":"https:\/\/posbistro.com\/blog\/wp-json\/wp\/v2\/pages\/1602","targetHints":{"allow":["GET"]}}],"collection":[{"href":"https:\/\/posbistro.com\/blog\/wp-json\/wp\/v2\/pages"}],"about":[{"href":"https:\/\/posbistro.com\/blog\/wp-json\/wp\/v2\/types\/page"}],"author":[{"embeddable":true,"href":"https:\/\/posbistro.com\/blog\/wp-json\/wp\/v2\/users\/1"}],"replies":[{"embeddable":true,"href":"https:\/\/posbistro.com\/blog\/wp-json\/wp\/v2\/comments?post=1602"}],"version-history":[{"count":14,"href":"https:\/\/posbistro.com\/blog\/wp-json\/wp\/v2\/pages\/1602\/revisions"}],"predecessor-version":[{"id":12748,"href":"https:\/\/posbistro.com\/blog\/wp-json\/wp\/v2\/pages\/1602\/revisions\/12748"}],"wp:featuredmedia":[{"embeddable":true,"href":"https:\/\/posbistro.com\/blog\/wp-json\/wp\/v2\/media\/11453"}],"wp:attachment":[{"href":"https:\/\/posbistro.com\/blog\/wp-json\/wp\/v2\/media?parent=1602"}],"curies":[{"name":"wp","href":"https:\/\/api.w.org\/{rel}","templated":true}]}}