{"id":1884,"date":"2015-01-13T15:50:11","date_gmt":"2015-01-13T14:50:11","guid":{"rendered":"http:\/\/blog.posbistro.com\/?page_id=1884"},"modified":"2015-01-13T15:50:11","modified_gmt":"2015-01-13T14:50:11","slug":"dobrac-piwo-posilku","status":"publish","type":"page","link":"https:\/\/posbistro.com\/blog\/pl\/dobrac-piwo-posilku\/","title":{"rendered":"Jak dobra\u0107 piwo do posi\u0142ku?"},"content":{"rendered":"<p>Dobieraj\u0105c piwo do potrawy nale\u017cy d\u0105\u017cy\u0107 do osi\u0105gni\u0119cia harmonii smak\u00f3w i aromat\u00f3w. Sekretem tego jest znalezienie wsp\u00f3lnych cech wybranego piwa i konkretnego dania &#8211; np. do sa\u0142atek i da\u0144 kuchni w\u0142oskiej nale\u017cy dobra\u0107 r\u00f3wnie lekkie, jasne piwo.<br \/>\n<a href=\"http:\/\/posbistro-blog.s3.amazonaws.com\/wp-content\/uploads\/2015\/01\/shrimp-558765_640.jpg\"><img loading=\"lazy\" decoding=\"async\" class=\"size-full wp-image-1885 aligncenter\" alt=\"\" src=\"http:\/\/posbistro-blog.s3.amazonaws.com\/wp-content\/uploads\/2015\/01\/shrimp-558765_640.jpg\" width=\"640\" height=\"426\" srcset=\"https:\/\/posbistro-safe-blog.s3.eu-west-1.amazonaws.com\/up\/2015\/01\/16120709\/shrimp-558765_640.jpg 640w, https:\/\/posbistro-safe-blog.s3.eu-west-1.amazonaws.com\/up\/2015\/01\/16120709\/shrimp-558765_640-300x200.jpg 300w\" sizes=\"auto, (max-width: 640px) 100vw, 640px\" \/><\/a><br \/>\n<strong>Co do czego?<\/strong><br \/>\n<strong>Amber<\/strong> \u2013 dr\u00f3b i steki<br \/>\n<strong>Belgijskie ALE<\/strong> \u2013 sery, w\u0119dliny, czerwone mi\u0119sa<br \/>\n<strong>Br\u0105zowe ALE<\/strong> \u2013 orzechy, pestki dyni, migda\u0142y, sma\u017cony camembert<br \/>\n<strong>Hefe<\/strong> \u2013 jajko sadzone, grillowany boczek<br \/>\n<strong>India Pale ALE<\/strong> \u2013 suszone pomidory, kozi ser, stek wo\u0142owy<br \/>\n<a href=\"http:\/\/posbistro-blog.s3.amazonaws.com\/wp-content\/uploads\/2015\/01\/garden-party-364593_640.jpg\"><img loading=\"lazy\" decoding=\"async\" class=\"aligncenter\" alt=\"\" src=\"http:\/\/posbistro-blog.s3.amazonaws.com\/wp-content\/uploads\/2015\/01\/garden-party-364593_640.jpg\" width=\"640\" height=\"426\" \/><\/a><br \/>\n<strong>Mocne ALE<\/strong> \u2013 orzechy, sery niebieskie, winogrona<br \/>\n<strong>Lager<\/strong> &#8211; wieprzowina, wo\u0142owina, g\u0119sina, tatar, salami, kruche ciasta owocowe<br \/>\n<strong>Pilsner<\/strong> &#8211; szynka, salami, steki, owoce morza, orzechy, rodzynki, sery zagrodowe<br \/>\n<strong>Piwa owocowe<\/strong> &#8211; desery, ciasta<br \/>\n<strong>Porter<\/strong> \u2013 w\u0119dzona szynka, sery dojrzewaj\u0105ce, desery czekoladowe, ryby i owoce morza<\/p>\n<p style=\"text-align: center;\"><a href=\"http:\/\/posbistro-blog.s3.amazonaws.com\/wp-content\/uploads\/2015\/01\/jause-338498_640.jpg\"><img loading=\"lazy\" decoding=\"async\" alt=\"\" src=\"http:\/\/posbistro-blog.s3.amazonaws.com\/wp-content\/uploads\/2015\/01\/jause-338498_640.jpg\" width=\"640\" height=\"423\" \/><\/a><\/p>\n<p><strong>Pszeniczne<\/strong> \u2013 sa\u0142atki, \u015bwie\u017ce owoce, szarlotka, tarty owocowe, w\u0119dzone sery, rogaliki z mas\u0142em, bia\u0142a kie\u0142basa, cytrusy, ryby, owoce morza, dr\u00f3b<br \/>\n<strong>Russian Imperial Stout<\/strong> \u2013 pi\u0107 jako deser<br \/>\n<strong>Stout<\/strong> \u2013 owoce morza<br \/>\n<strong>Szkockie ALE<\/strong> \u2013 pieczenie, podroby<br \/>\n<a href=\"https:\/\/posbistro.com\/?utm_source=Blog&amp;utm_medium=Link&amp;utm_campaign=Blog\"><img loading=\"lazy\" decoding=\"async\" class=\"aligncenter\" alt=\"\" src=\"http:\/\/posbistro-blog.s3.amazonaws.com\/wp-content\/uploads\/2015\/01\/button.jpg\" width=\"505\" height=\"225\" \/><\/a><br \/>\nAgnieszka \u015aliwi\u0144ska\/<a title=\"POSbistro\" href=\"https:\/\/posbistro.com\/?utm_source=Blog&amp;utm_medium=Link&amp;utm_campaign=Blog\" target=\"_blank\">www.posbistro.com<\/a><br \/>\n\u0179r\u00f3d\u0142o: stylzycia.newsweek.pl;\u00a0smaki-piwa.pl;\u00a0www.styl.pl\/;\u00a0www.piwo.org\/<\/p>\n","protected":false},"excerpt":{"rendered":"<p>Dobieraj\u0105c piwo do potrawy nale\u017cy d\u0105\u017cy\u0107 do osi\u0105gni\u0119cia harmonii smak\u00f3w i aromat\u00f3w. Sekretem tego jest znalezienie wsp\u00f3lnych cech wybranego piwa<\/p>\n","protected":false},"author":1,"featured_media":1885,"parent":0,"menu_order":0,"comment_status":"open","ping_status":"open","template":"","meta":{"content-type":"","footnotes":""},"class_list":["post-1884","page","type-page","status-publish","has-post-thumbnail","hentry"],"_links":{"self":[{"href":"https:\/\/posbistro.com\/blog\/wp-json\/wp\/v2\/pages\/1884","targetHints":{"allow":["GET"]}}],"collection":[{"href":"https:\/\/posbistro.com\/blog\/wp-json\/wp\/v2\/pages"}],"about":[{"href":"https:\/\/posbistro.com\/blog\/wp-json\/wp\/v2\/types\/page"}],"author":[{"embeddable":true,"href":"https:\/\/posbistro.com\/blog\/wp-json\/wp\/v2\/users\/1"}],"replies":[{"embeddable":true,"href":"https:\/\/posbistro.com\/blog\/wp-json\/wp\/v2\/comments?post=1884"}],"version-history":[{"count":0,"href":"https:\/\/posbistro.com\/blog\/wp-json\/wp\/v2\/pages\/1884\/revisions"}],"wp:featuredmedia":[{"embeddable":true,"href":"https:\/\/posbistro.com\/blog\/wp-json\/wp\/v2\/media\/1885"}],"wp:attachment":[{"href":"https:\/\/posbistro.com\/blog\/wp-json\/wp\/v2\/media?parent=1884"}],"curies":[{"name":"wp","href":"https:\/\/api.w.org\/{rel}","templated":true}]}}