{"id":6146,"date":"2017-08-14T11:55:27","date_gmt":"2017-08-14T09:55:27","guid":{"rendered":"http:\/\/blog.posbistro.com\/?page_id=6146"},"modified":"2017-08-14T11:55:27","modified_gmt":"2017-08-14T09:55:27","slug":"oznacza-symbol-v-label","status":"publish","type":"page","link":"https:\/\/posbistro.com\/blog\/pl\/oznacza-symbol-v-label\/","title":{"rendered":"Co oznacza symbol V-Label?"},"content":{"rendered":"<p style=\"text-align: justify;\">\n\t[banner id=&#8221;6157&#8243;]\n<\/p>\n<p style=\"text-align: justify;\">\n\t<font size=\"3\" style=\"font-size: 12pt\"><font color=\"#000000\"><b><span style=\"background: #ffffff\">V-Label to symbol, kt&oacute;ry staje si\u0119 coraz bardziej popularny i wa\u017cny. To specjalny certyfikat dla produkt&oacute;w przeznaczonych dla wegan i wegetarian. Niedawno otrzyma\u0142a go jedna z warszawskich restauracji. <\/span><\/b><\/font><\/font>\n<\/p>\n<p style=\"margin-bottom: 0.42cm; line-height: 115%; text-align: justify;\">\n\t<font size=\"3\" style=\"font-size: 12pt\"><font color=\"#000000\"><span style=\"background: #ffffff\">V-Label to uznany na \u015bwiecie symbol, kt&oacute;ry stanowi certyfikat dla produkt&oacute;w dedykowanych wegetarianom i weganom. Oznacza on, \u017ce dany produkt zosta\u0142 wyprodukowany zgodnie z normami tych diet. Po raz pierwszy zosta\u0142 wprowadzony w Szwajcarii, ponad 20 lat temu. Certyfikatowi podlegaj\u0105 produkty spo\u017cywcze, us\u0142ugi, kosmetyki, a tak\u017ce&hellip; punkty gastronomiczne. Dzieli si\u0119 go na dwie specyfikacje: dla wegetarian, czyli dla produkt&oacute;w, kt&oacute;re mog\u0105 zawiera\u0107 mleko, mi&oacute;d i jaja; oraz dla wegan &ndash; czyli produkty bez sk\u0142adnik&oacute;w zwierz\u0119cych i mleka. <\/span><\/font><\/font>\n<\/p>\n<p style=\"margin-bottom: 0.42cm; line-height: 115%; text-align: center;\">\n\t[banner id=&#8221;6147&#8243;]\n<\/p>\n<p style=\"margin-bottom: 0.42cm; line-height: 115%; text-align: justify;\">\n\t<font size=\"3\" style=\"font-size: 12pt\"><font color=\"#000000\"><span style=\"background: #ffffff\">Symbol V-Label jest wykorzystywany w 39 krajach w Europie, w tym we W\u0142oszech, Holandii, Szwajcarii, Francji i Austrii. Przyznaje go Europejska Unia Wegetaria\u0144ska. Licencja V-Label jest wydawana na rok, po tym czasie produkt lub miejsce musi przej\u015b\u0107 kolejn\u0105 weryfikacj\u0119. <\/span><\/font><\/font>\n<\/p>\n<p style=\"margin-bottom: 0.42cm; line-height: 115%; text-align: justify;\">\n\t<font size=\"3\" style=\"font-size: 12pt\"><font color=\"#000000\"><span style=\"background: #ffffff\">Od maja 2017 roku symbol V-Label mog\u0105 otrzyma\u0107 te\u017c punkty gastronomiczne &ndash; bary, restauracje, kawiarnie czy food trucki. Niedawno taki certyfikat otrzyma\u0142a pierwsza w Polsce restauracja &ndash; lokal Tel Aviv w Warszawie. Aby m&oacute;c si\u0119 pochwali\u0107 takim symbolem, musia\u0142a przej\u015b\u0107 specjaln\u0105 weryfikacj\u0119 i audyt, polegaj\u0105cy na sprawdzeniu kuchni, sk\u0142adnik&oacute;w u\u017cywanych do potraw, rozmowie z szefem kuchni i menad\u017cerem. Sk\u0142adniki przebadano pod wzgl\u0119dem ew. zawarto\u015bci sk\u0142adnik&oacute;w pochodzenia zwierz\u0119cego. <\/span><\/font><\/font>\n<\/p>\n<p style=\"margin-bottom: 0.42cm; line-height: 115%; text-align: justify;\">\n\t[banner id=&#8221;5424&#8243;]\n<\/p>\n<p style=\"margin-bottom: 0.42cm; line-height: 115%; text-align: justify;\">\n\t<font size=\"3\" style=\"font-size: 12pt\"><font color=\"#000000\"><b><span style=\"background: #ffffff\">Wegetarianizm i weganizm w Polsce<\/span><\/b><\/font><\/font>\n<\/p>\n<p style=\"margin-bottom: 0cm; line-height: 115%; text-align: justify;\">\n\t<font size=\"3\" style=\"font-size: 12pt\"><font color=\"#000000\"><span style=\"background: #ffffff\">Wed\u0142ug <\/span><\/font><font color=\"#000000\">Instytutu <\/font><font color=\"#000000\"><span style=\"background: #ffffff\">Bada\u0144 <\/span><\/font><font color=\"#000000\">Opinii Homo Homini przeprowadzonego na zlecenie Light Box &ndash; liczba doros\u0142ych wegetarian w Polsce wynosi ponad milion. <\/font><font color=\"#000000\"><span style=\"background: #ffffff\">Przewa\u017caj\u0105c\u0105 liczb\u0119 wegetarian w Polsce stanowi\u0105 kobiety (a\u017c 8,9% kobiet uznawa\u0142o si\u0119 za wegetarianki) i ludzie m\u0142odzi (do 24 lat). <\/span><\/font><font color=\"#000000\">Niejedzenie mi\u0119sa staje si\u0119 coraz bardziej popularne. Du\u017ca liczba os&oacute;b, kt&oacute;ra nie chce ca\u0142kowicie przechodzi\u0107 na diet\u0119 wegetaria\u0144sk\u0105 lub wega\u0144sk\u0105, wybiera fleksitarianizm. Polega on na ograniczaniu ilo\u015bci potraw mi\u0119snych w diecie. Na tego typu ro\u015blinnej diecie spo\u017cywa si\u0119 mi\u0119so \u015brednio 2-3 razy w tygodniu. Stanowi ona te\u017c \u015brodek do przej\u015bcia na zdrowszy tryb od\u017cywiania. <\/font><\/font>\n<\/p>\n<p style=\"margin-bottom: 0cm; line-height: 115%; text-align: justify;\">\n\t<font size=\"3\" style=\"font-size: 12pt\"><font color=\"#000000\">Im wi\u0119cej os&oacute;b przechodzi na diet\u0119 bezmi\u0119sn\u0105, tym zwi\u0119ksza si\u0119 zapotrzebowanie na lokale serwuj\u0105ce takie potrawy. Symbol V-Label to znak naszych czas&oacute;w, stanowi te\u017c dodatkow\u0105 gwarancj\u0119 jako\u015bci i jest po prostu dobr\u0105 reklam\u0105 dla lokalu gastronomicznego. <\/font><\/font>\n<\/p>\n<p style=\"margin-bottom: 0cm; line-height: 115%; text-align: justify;\">\n\t[banner id=&#8221;5004&#8243;]\n<\/p>\n<p style=\"margin-bottom: 0cm; line-height: 115%; text-align: justify;\">\n\t<font size=\"3\" style=\"font-size: 12pt\"><font color=\"#000000\"><i>\u0179r&oacute;d\u0142o: portal spo\u017cywczy.pl, food-forum.pl.<\/i><\/font><\/font>\n<\/p>\n<p style=\"margin-bottom: 0cm; line-height: 115%; text-align: justify;\">\n\t<font color=\"#000000\"><font size=\"3\"><i>Autor: Anna Motyka<\/i><\/font><\/font><\/p>\n","protected":false},"excerpt":{"rendered":"<p>[banner id=&#8221;6157&#8243;] V-Label to symbol, kt&oacute;ry staje si\u0119 coraz bardziej popularny i wa\u017cny. To specjalny certyfikat dla produkt&oacute;w przeznaczonych dla<\/p>\n","protected":false},"author":1,"featured_media":6150,"parent":0,"menu_order":0,"comment_status":"open","ping_status":"open","template":"","meta":{"content-type":"","footnotes":""},"class_list":["post-6146","page","type-page","status-publish","has-post-thumbnail","hentry"],"_links":{"self":[{"href":"https:\/\/posbistro.com\/blog\/wp-json\/wp\/v2\/pages\/6146","targetHints":{"allow":["GET"]}}],"collection":[{"href":"https:\/\/posbistro.com\/blog\/wp-json\/wp\/v2\/pages"}],"about":[{"href":"https:\/\/posbistro.com\/blog\/wp-json\/wp\/v2\/types\/page"}],"author":[{"embeddable":true,"href":"https:\/\/posbistro.com\/blog\/wp-json\/wp\/v2\/users\/1"}],"replies":[{"embeddable":true,"href":"https:\/\/posbistro.com\/blog\/wp-json\/wp\/v2\/comments?post=6146"}],"version-history":[{"count":1,"href":"https:\/\/posbistro.com\/blog\/wp-json\/wp\/v2\/pages\/6146\/revisions"}],"predecessor-version":[{"id":11351,"href":"https:\/\/posbistro.com\/blog\/wp-json\/wp\/v2\/pages\/6146\/revisions\/11351"}],"wp:featuredmedia":[{"embeddable":true,"href":"https:\/\/posbistro.com\/blog\/wp-json\/wp\/v2\/media\/6150"}],"wp:attachment":[{"href":"https:\/\/posbistro.com\/blog\/wp-json\/wp\/v2\/media?parent=6146"}],"curies":[{"name":"wp","href":"https:\/\/api.w.org\/{rel}","templated":true}]}}